{"id":263586,"date":"2023-07-26T12:24:16","date_gmt":"2023-07-26T12:24:16","guid":{"rendered":"https:\/\/www.vernegroup.com\/?page_id=263586"},"modified":"2023-07-26T12:57:09","modified_gmt":"2023-07-26T12:57:09","slug":"rechtlicher-hinweis","status":"publish","type":"page","link":"https:\/\/www.vernegroup.com\/de\/rechtlicher-hinweis\/","title":{"rendered":"RECHTLICHER HINWEIS"},"content":{"rendered":"<p>[et_pb_section fb_built=&#8220;1&#8243; _builder_version=&#8220;4.16&#8243; da_disable_devices=&#8220;off|off|off&#8220; locked=&#8220;off&#8220; global_colors_info=&#8220;{}&#8220; theme_builder_area=&#8220;post_content&#8220; da_is_popup=&#8220;off&#8220; da_exit_intent=&#8220;off&#8220; da_has_close=&#8220;on&#8220; da_alt_close=&#8220;off&#8220; da_dark_close=&#8220;off&#8220; da_not_modal=&#8220;on&#8220; da_is_singular=&#8220;off&#8220; da_with_loader=&#8220;off&#8220; da_has_shadow=&#8220;on&#8220;][et_pb_row _builder_version=&#8220;4.21.0&#8243; background_size=&#8220;initial&#8220; background_position=&#8220;top_left&#8220; background_repeat=&#8220;repeat&#8220; custom_margin=&#8220;60px||||false|false&#8220; custom_margin_last_edited=&#8220;off|desktop&#8220; global_colors_info=&#8220;{}&#8220; theme_builder_area=&#8220;post_content&#8220;][et_pb_column type=&#8220;4_4&#8243; _builder_version=&#8220;4.16&#8243; custom_padding=&#8220;|||&#8220; global_colors_info=&#8220;{}&#8220; custom_padding__hover=&#8220;|||&#8220; theme_builder_area=&#8220;post_content&#8220;][et_pb_text _builder_version=&#8220;4.21.0&#8243; background_size=&#8220;initial&#8220; background_position=&#8220;top_left&#8220; background_repeat=&#8220;repeat&#8220; hover_enabled=&#8220;0&#8243; global_colors_info=&#8220;{}&#8220; theme_builder_area=&#8220;post_content&#8220; sticky_enabled=&#8220;0&#8243;]<\/p>\n<h1>RECHTLICHER HINWEIS<\/h1>\n<p>Bitte lesen Sie alle Abschnitte dieses rechtlichen Hinweises, bevor Sie diese Website nutzen. Die nachstehenden Bedingungen sind f\u00fcr jeden Nutzer der Website verbindlich. Der Zweck des vorliegenden Hinweises besteht darin, die Funktionen dieser Website im Detail zu erl\u00e4utern und Ihnen Informationen \u00fcber den Inhaber der Website sowie den Zweck der darin enthaltenen Inhalte bereitzustellen.<\/p>\n<p><strong>\u00a0<\/strong><\/p>\n<h2>ANGABEN ZUM INHABER<\/h2>\n<p><strong>\u00a0<\/strong><\/p>\n<p><strong>Verne Technology GmbH<\/strong><\/p>\n<p>Kaiserswetherstr. 115<\/p>\n<p>40880, Ratingen<\/p>\n<p>E-Mail: <a href=\"mailto:infodeutschland@vernegroup.com\">infodeutschland@vernegroup.com<\/a><\/p>\n<p>Telefon: +49 176 2099 4880<\/p>\n<p>&nbsp;<\/p>\n<p>Gesetzlicher Vertreter: Gianni Cecchin als alleiniger Gesch\u00e4ftsf\u00fchrer<\/p>\n<p>USt-IdNr: DE815778991<\/p>\n<p>Mit Sitz in D\u00fcsseldorf<\/p>\n<p><em>Handelsregister des Amtsgerichts D\u00fcsseldorf<\/em><\/p>\n<p><em>Registernummer HR B 84092<\/em><\/p>\n<p>&nbsp;<\/p>\n<p>Die Verne Technology GmbH m\u00f6chte mit ihrer Website \u00fcber ihre T\u00e4tigkeit informieren und den Nutzern die M\u00f6glichkeit bieten, sich mit dem Unternehmen in Verbindung zu setzen, Anfragen zu stellen oder Beschwerden und Reklamationen zu \u00e4u\u00dfern. \u00dcber die Seite erm\u00f6glichen wir Nutzern den Zugriff auf und die Nutzung verschiedener Inhalte, die von der Verne Technology GmbH oder von autorisierten Dritten ver\u00f6ffentlicht werden.<\/p>\n<p>&nbsp;<\/p>\n<h2>NUTZUNG DER WEBSITE UND PFLICHTEN DES NUTZERS<\/h2>\n<p>Der Nutzer verpflichtet sich, die Website, die Inhalte und Dienste zu nutzen, ohne gegen geltendes Recht, allgemein anerkannte Nutzungsbedingungen oder die \u00f6ffentliche Ordnung zu versto\u00dfen. Die Nutzung der Website f\u00fcr rechtswidrige bzw. die Verne Technology GmbH oder Dritte sch\u00e4digende Zwecke, welche in jeglicher Weise Schaden verursachen oder die normale Nutzung der Website verhindern k\u00f6nnten, ist untersagt.<\/p>\n<p>Diese Allgemeinen Nutzungsbedingungen der Website gew\u00e4hren dem Nutzer kein anderes Recht zur Nutzung, \u00c4nderung, Verwertung, Vervielf\u00e4ltigung, Verbreitung oder \u00f6ffentlichen Wiedergabe der Website-Inhalte als die hierin ausdr\u00fccklich vorgesehenen.<\/p>\n<p>Die auf dem Portal eingestellten Inhalte (Informationen, Ton- und\/oder Bilddateien, Fotos, Designs usw.) sind Eigentum der Verne Technology GmbH, oder das Unternehmen wurde von deren rechtm\u00e4\u00dfigen Eigent\u00fcmern ordnungsgem\u00e4\u00df zur Verbreitung autorisiert.<\/p>\n<p>Die Verne Technology GmbH verpflichtet sich, keine irref\u00fchrende Werbung zu betreiben; aus diesem Grunde ist Folgendes untersagt:<\/p>\n<ul>\n<li>Die Nutzung f\u00fcr s\u00e4mtliche Arten von Verkaufs- und Werbezwecken, au\u00dfer den ausdr\u00fccklich erlaubten.<\/li>\n<li>Ihre vollst\u00e4ndige oder teilweise Vervielf\u00e4ltigung, Ver\u00f6ffentlichung, Verbreitung oder \u00c4nderung, sofern nicht die vorherige schriftliche Genehmigung ihrer rechtm\u00e4\u00dfigen Eigent\u00fcmer vorliegt oder gesetzlich zul\u00e4ssig ist.<\/li>\n<li>Jede Verletzung der Rechte der Verne Technology GmbH bzw. der rechtm\u00e4\u00dfigen Rechtseigent\u00fcmer.<\/li>\n<\/ul>\n<p>&nbsp;<\/p>\n<h3>GEISTIGES UND GEWERBLICHES EIGENTUM<\/h3>\n<p>Der Nutzer erkennt an und akzeptiert, dass alle gewerblichen und geistigen Eigentumsrechte an den Inhalten und\/oder anderen auf der Website eingestellten Elementen der Verne Technology GmbH geh\u00f6ren oder dass das Unternehmen ordnungsgem\u00e4\u00df zu deren Verbreitung auf dieser Website berechtigt ist.<\/p>\n<p>F\u00fcr den Fall, dass ein Nutzer oder ein Dritter der Ansicht ist, dass durch die Einf\u00fcgung bestimmter Inhalte auf der Website eine Verletzung seiner legitimen geistigen Eigentumsrechte vorliegt, hat er die Verne Technology GmbH \u00fcber diesen Umstand unter Angabe des Folgenden zu informieren:<\/p>\n<ul>\n<li>Angaben zu dem betroffenen Inhaber der vermeintlich verletzten Rechte oder zu der Vertretung, in der er handelt, falls der Anspruch von einem Dritten geltend gemacht wird, der nicht mit dem Betroffenen identisch ist.<\/li>\n<\/ul>\n<p>&nbsp;<\/p>\n<ul>\n<li>Angabe der durch die geistigen Eigentumsrechte gesch\u00fctzten Inhalte und deren Platzierung auf der Website, ein Nachweis der entsprechenden geistigen Eigentumsrechte sowie eine ausdr\u00fcckliche Erkl\u00e4rung des Betroffenen, in der er die Richtigkeit der in der Mitteilung gemachten Angaben best\u00e4tigt.<\/li>\n<\/ul>\n<p>[\/et_pb_text][\/et_pb_column][\/et_pb_row][\/et_pb_section]<\/p>\n","protected":false},"excerpt":{"rendered":"<p>RECHTLICHER HINWEIS Bitte lesen Sie alle Abschnitte dieses rechtlichen Hinweises, bevor Sie diese Website nutzen. Die nachstehenden Bedingungen sind f\u00fcr jeden Nutzer der Website verbindlich. Der Zweck des vorliegenden Hinweises besteht darin, die Funktionen dieser Website im Detail zu erl\u00e4utern und Ihnen Informationen \u00fcber den Inhaber der Website sowie den Zweck der darin enthaltenen Inhalte [&hellip;]<\/p>\n","protected":false},"author":21,"featured_media":263594,"parent":0,"menu_order":0,"comment_status":"closed","ping_status":"closed","template":"","meta":{"_et_pb_use_builder":"on","_et_pb_old_content":"","_et_gb_content_width":"","footnotes":""},"dipi_cpt_category":[],"class_list":["post-263586","page","type-page","status-publish","has-post-thumbnail","hentry"],"_links":{"self":[{"href":"https:\/\/www.vernegroup.com\/de\/wp-json\/wp\/v2\/pages\/263586","targetHints":{"allow":["GET"]}}],"collection":[{"href":"https:\/\/www.vernegroup.com\/de\/wp-json\/wp\/v2\/pages"}],"about":[{"href":"https:\/\/www.vernegroup.com\/de\/wp-json\/wp\/v2\/types\/page"}],"author":[{"embeddable":true,"href":"https:\/\/www.vernegroup.com\/de\/wp-json\/wp\/v2\/users\/21"}],"replies":[{"embeddable":true,"href":"https:\/\/www.vernegroup.com\/de\/wp-json\/wp\/v2\/comments?post=263586"}],"version-history":[{"count":5,"href":"https:\/\/www.vernegroup.com\/de\/wp-json\/wp\/v2\/pages\/263586\/revisions"}],"predecessor-version":[{"id":263618,"href":"https:\/\/www.vernegroup.com\/de\/wp-json\/wp\/v2\/pages\/263586\/revisions\/263618"}],"wp:featuredmedia":[{"embeddable":true,"href":"https:\/\/www.vernegroup.com\/de\/wp-json\/wp\/v2\/media\/263594"}],"wp:attachment":[{"href":"https:\/\/www.vernegroup.com\/de\/wp-json\/wp\/v2\/media?parent=263586"}],"wp:term":[{"taxonomy":"dipi_cpt_category","embeddable":true,"href":"https:\/\/www.vernegroup.com\/de\/wp-json\/wp\/v2\/dipi_cpt_category?post=263586"}],"curies":[{"name":"wp","href":"https:\/\/api.w.org\/{rel}","templated":true}]}}